{"id":12,"date":"2020-12-27T10:41:17","date_gmt":"2020-12-27T10:41:17","guid":{"rendered":"https:\/\/software.pcg.vn\/?page_id=12"},"modified":"2021-01-07T17:44:03","modified_gmt":"2021-01-07T17:44:03","slug":"home","status":"publish","type":"page","link":"https:\/\/software.pcg.vn\/","title":{"rendered":"HOME"},"content":{"rendered":"<h2 style=\"text-align: center;\"><strong>Hi!<\/strong><\/h2>\n<p style=\"\">We Are PCG Software<\/p>\n<p>YOUR BUSSINESS &#8211; YOUR SUCCESS<\/p>\n<p style=\"text-align: center;\"><strong>Hi!<\/strong><\/p>\n<p style=\"text-align: center;\">WE ARE SOFTWARE PCG<\/p>\n<p style=\"text-align: center;\">Your Bussiness &#8211; Your Success<\/p>\n<p><span><img loading=\"lazy\" decoding=\"async\" alt=\"\" width=\"1211\" height=\"664\" title=\"s1_image_2\" data-id=\"6029\" src=\"\/\/software.pcg.vn\/wp-content\/uploads\/tcb_lp_templates\/templates\/css\/images\/s1_image_2.png\"><\/span><\/p>\n<h1 style=\"text-align: center;\"><strong>S\u1ea2N PH\u1ea8M B\u00c1N ch\u1ea1y<\/strong><\/h1>\n<h3 style=\"text-align: left;\"><strong>RIC ERP<\/strong><\/h3>\n<p><strong><span style=\"color: rgb(2, 160, 161);\">Ph\u1ea7n m\u1ec1m Qu\u1ea3n L\u00fd B\u00e1n H\u00e0ng<\/span><\/strong><\/p>\n<p style=\"text-align: left;\">Ric ERP l\u00e0 m\u1ed9t trong nh\u1eefng ph\u1ea7n m\u1ec1m t\u00e2m huy\u1ebft \u0111\u1ea7u ti\u00ean c\u1ee7a PCG. Ra \u0111\u1eddi t\u1eeb 2015 nh\u1eb1m m\u1ee5c \u0111\u00edch h\u1ed7 tr\u1ee3 c\u00e1c c\u1eeda h\u00e0ng, c\u00f4ng ty v\u1eeba v\u00e0 nh\u1ecf qu\u1ea3n l\u00fd kinh doanh c\u1ee7a m\u00ecnh m\u1ed9t c\u00e1ch chuy\u00ean nghi\u1ec7p v\u1edbi gi\u00e1 th\u00e0nh kh\u00f4ng th\u1ec3 r\u1ebb h\u01a1n.<\/p>\n<h3 style=\"text-align: left;\"><strong>WEB ONE CLICK<\/strong><\/h3>\n<p><strong><span style=\"color: rgb(2, 160, 161);\">Ph\u1ea7n m\u1ec1m x\u00e2y d\u1ef1ng website 1 click<\/span><\/strong><\/p>\n<p style=\"text-align: left;\">Ph\u1ea7n m\u1ec1m gi\u00fap cho ng\u01b0\u1eddi kh\u00f4ng hi\u1ec3u g\u00ec v\u1ec1 web c\u00f3 th\u1ec3 t\u1ef1 l\u00e0m website theo \u00fd th\u00edch c\u1ee7a m\u00ecnh m\u1ed9t c\u00e1ch chuy\u00ean nghi\u1ec7p ch\u1ec9 v\u1edbi click chu\u1ed9t.<\/p>\n<h3 style=\"text-align: left;\"><strong>NO1.SHOPEE<\/strong><\/h3>\n<p><strong><span style=\"color: rgb(2, 160, 161);\">Ph\u1ea7n m\u1ec1m ph\u00e1t tri\u1ec3n Shopee<\/span><\/strong><\/p>\n<p style=\"text-align: left;\">Ph\u1ea7n m\u1ec1m gi\u00fap \u0111\u0103ng b\u00e0i, nh\u00e2n b\u1ea3n shop, ph\u00e2n t\u00edch s\u1ea3n ph\u1ea9m, ph\u00e2n t\u00edch \u0111\u1ed1i th\u1ee7, \u0111\u1ec1 xu\u1ea5t s\u1ea3n ph\u1ea9m v\u00e0 m\u1ee9c gi\u00e1 c\u1ea1nh tranh, c\u00f9ng nhi\u1ec1u t\u00ednh n\u0103ng h\u1ea5p d\u1eabn.<\/p>\n<h1 style=\"text-align: center;\"><strong>D\u1ecaCH V\u1ee4<\/strong><\/h1>\n<p><span><img loading=\"lazy\" decoding=\"async\" alt=\"\" width=\"98\" height=\"78\" title=\"s_3a_icon1\" data-id=\"6089\" src=\"\/\/software.pcg.vn\/wp-content\/uploads\/tcb_lp_templates\/templates\/css\/images\/s_3a_icon1.png\"><\/span><\/p>\n<h3 style=\"text-align: center;\"><strong>ONEsoft<\/strong><\/h3>\n<p style=\"text-align: center;\">Ph\u00e2n t\u00edch, thi\u1ebft k\u1ebf ph\u1ea7n m\u1ec1m theo y\u00eau c\u1ea7u.&nbsp;<\/p>\n<p><span><img loading=\"lazy\" decoding=\"async\" alt=\"\" width=\"98\" height=\"78\" title=\"s3a_icon-2\" data-id=\"5769\" src=\"\/\/software.pcg.vn\/wp-content\/uploads\/tcb_lp_templates\/templates\/css\/images\/s3a_icon-2.png\"><\/span><\/p>\n<h3 style=\"text-align: center;\"><strong>ONEon<\/strong><\/h3>\n<p style=\"text-align: center;\">Thi\u1ebft k\u1ebf web, \u1ee9ng d\u1ee5ng web theo y\u00eau c\u1ea7u.<\/p>\n<p><span><img loading=\"lazy\" decoding=\"async\" alt=\"\" width=\"98\" height=\"78\" title=\"s3a_icon4\" data-id=\"5770\" src=\"\/\/software.pcg.vn\/wp-content\/uploads\/tcb_lp_templates\/templates\/css\/images\/s3a_icon4.png\"><\/span><\/p>\n<h3 style=\"text-align: center;\"><strong>ONEweb<\/strong><\/h3>\n<p>Thi\u1ebft k\u1ebf multimedia theo y\u00eau c\u1ea7u<\/p>\n<p><span><img loading=\"lazy\" decoding=\"async\" alt=\"\" width=\"98\" height=\"78\" title=\"s3a_icon3\" data-id=\"5771\" src=\"\/\/software.pcg.vn\/wp-content\/uploads\/tcb_lp_templates\/templates\/css\/images\/s3a_icon3.png\"><\/span><\/p>\n<h3 style=\"text-align: center;\"><strong>ONEapp<\/strong><\/h3>\n<p style=\"text-align: center;\">Thi\u1ebft k\u1ebf app tr\u00ean Android\/iOS theo y\u00eau c\u1ea7u<\/p>\n<h1>C\u00c1C L\u0128NH V\u1ef0C S\u1ea2N XU\u1ea4T, NGHI\u00caN C\u1ee8U V\u00c0 PH\u00c1T TRI\u1ec2N<\/h1>\n<h3><strong>PHP\/HTML\/CSS<\/strong><\/h3>\n<p><span><img loading=\"lazy\" decoding=\"async\" alt=\"\" width=\"75\" height=\"77\" title=\"s3b_icon3\" data-id=\"5822\" src=\"\/\/software.pcg.vn\/wp-content\/uploads\/tcb_lp_templates\/templates\/css\/images\/s3b_icon3.png\"><\/span><\/p>\n<h3>ANDROID\/C#<\/h3>\n<p><span><img loading=\"lazy\" decoding=\"async\" alt=\"\" width=\"75\" height=\"77\" title=\"s3b_icon1\" data-id=\"6091\" src=\"\/\/software.pcg.vn\/wp-content\/uploads\/tcb_lp_templates\/templates\/css\/images\/s3b_icon1.png\"><\/span><\/p>\n<h3 style=\"text-align: center;\"><strong>IOS\/XCODE<\/strong><\/h3>\n<p><span><img loading=\"lazy\" decoding=\"async\" alt=\"\" width=\"75\" height=\"77\" title=\"s3b_icon2\" data-id=\"6090\" src=\"\/\/software.pcg.vn\/wp-content\/uploads\/tcb_lp_templates\/templates\/css\/images\/s3b_icon2.png\"><\/span><\/p>\n<h3 style=\"text-align: center;\">DEASIGN TOOLS<\/h3>\n<p><span><img loading=\"lazy\" decoding=\"async\" alt=\"\" width=\"75\" height=\"77\" title=\"s3b_icon3\" data-id=\"5822\" src=\"\/\/software.pcg.vn\/wp-content\/uploads\/tcb_lp_templates\/templates\/css\/images\/s3b_icon3.png\"><\/span><\/p>\n<h3 style=\"text-align: center;\">A.I<\/h3>\n<p><span><img loading=\"lazy\" decoding=\"async\" alt=\"\" width=\"75\" height=\"77\" title=\"s3b_icon1\" data-id=\"6091\" src=\"\/\/software.pcg.vn\/wp-content\/uploads\/tcb_lp_templates\/templates\/css\/images\/s3b_icon1.png\"><\/span><\/p>\n<h1>PH\u1ea6N M\u1ec0M\/ C\u00d4NG C\u1ee4 MI\u1ec4N PH\u00cd C\u1ee6A PCG<\/h1>\n<p style=\"text-align: left;\">ANDROID APP<\/p>\n<h3 style=\"text-align: left;\"><strong>CHECKIN B\u00c1O C\u00c1O<\/strong><\/h3>\n<p style=\"text-align: left;\">Ph\u1ea7n m\u1ec1m gi\u00fap checkin \u0111\u1ecbnh v\u1ecb th\u1eddi gian, \u0111\u1ecba \u0111i\u1ec3m \u0111\u1ec3 b\u00e1o c\u00e1o v\u1ecb tr\u00ed.<\/p>\n<p style=\"\">FLATFROM<\/p>\n<h3 style=\"text-align: left;\">K\u1ebeT B\u1ea0N ZALO<\/h3>\n<p style=\"text-align: left;\">Ph\u1ea7n m\u1ec1m gi\u00fap b\u1ea1n add zalo danh s\u00e1ch kh\u00e1ch h\u00e0ng \u0111ang c\u00f3 trong list c\u1ee7a m\u00ecnh.<\/p>\n<p style=\"text-align: left;\">FACEBOOK<\/p>\n<h3 style=\"text-align: left;\"><strong>FIND ID<\/strong><\/h3>\n<p style=\"text-align: left;\">Ph\u1ea7n m\u1ec1m gi\u00fap t\u00ecm th\u00f4ng tin \u0111\u1ea7y \u0111\u1ee7 c\u1ee7a 1 c\u00e1 nh\u00e2n c\u00f3 t\u00e0i kho\u1ea3n m\u1ea1ng facbook.<\/p>\n<h1>th\u01b0 vi\u1ec7n h\u00ecnh \u1ea3nh<\/h1>\n<p><span><img loading=\"lazy\" decoding=\"async\" alt=\"\" width=\"269\" height=\"212\" title=\"s6_image1\" data-id=\"5834\" src=\"\/\/software.pcg.vn\/wp-content\/uploads\/tcb_lp_templates\/templates\/css\/images\/s6_image1.png\"><\/span><span><img loading=\"lazy\" decoding=\"async\" alt=\"\" width=\"269\" height=\"339\" title=\"s6_image5\" data-id=\"5832\" src=\"\/\/software.pcg.vn\/wp-content\/uploads\/tcb_lp_templates\/templates\/css\/images\/s6_image5.png\"><\/span><span><img loading=\"lazy\" decoding=\"async\" alt=\"\" width=\"269\" height=\"337\" title=\"s6_image2\" data-id=\"5837\" src=\"\/\/software.pcg.vn\/wp-content\/uploads\/tcb_lp_templates\/templates\/css\/images\/s6_image2.png\"><\/span><span><img loading=\"lazy\" decoding=\"async\" alt=\"\" width=\"269\" height=\"212\" title=\"s6_image6\" data-id=\"5836\" src=\"\/\/software.pcg.vn\/wp-content\/uploads\/tcb_lp_templates\/templates\/css\/images\/s6_image6.png\"><\/span><span><img loading=\"lazy\" decoding=\"async\" alt=\"\" width=\"269\" height=\"212\" title=\"s6_image3\" data-id=\"5829\" src=\"\/\/software.pcg.vn\/wp-content\/uploads\/tcb_lp_templates\/templates\/css\/images\/s6_image3.png\"><\/span><span><img loading=\"lazy\" decoding=\"async\" alt=\"\" width=\"269\" height=\"338\" title=\"s6_image7\" data-id=\"5831\" src=\"\/\/software.pcg.vn\/wp-content\/uploads\/tcb_lp_templates\/templates\/css\/images\/s6_image7.png\"><\/span><span><img loading=\"lazy\" decoding=\"async\" alt=\"\" width=\"269\" height=\"355\" title=\"s6_image4\" data-id=\"5835\" src=\"\/\/software.pcg.vn\/wp-content\/uploads\/tcb_lp_templates\/templates\/css\/images\/s6_image4.png\"><\/span><span><img loading=\"lazy\" decoding=\"async\" alt=\"\" width=\"269\" height=\"191\" title=\"s6_image8\" data-id=\"5830\" src=\"\/\/software.pcg.vn\/wp-content\/uploads\/tcb_lp_templates\/templates\/css\/images\/s6_image8.png\"><\/span><\/p>\n<h1 style=\"text-align: center;\">\u0110\u1ed8I NG\u0168<\/h1>\n<p><span><img decoding=\"async\" alt=\"Select Dynamic field\" width=\"205\" height=\"206\" title=\"Placeholder\" data-id=\"58\" src=\"https:\/\/software.pcg.vn\/wp-content\/uploads\/tcb_lp_templates\/templates\/css\/images\/s7b_image4.png\" data-width=\"205\" data-height=\"206\" data-init-width=\"205\" data-init-height=\"206\" loading=\"lazy\"><\/span><\/p>\n<p style=\"text-align: center;\">Jacky&nbsp; &#8211; <span style=\"color: rgb(2, 160, 161);\"><strong>Gi\u00e1m \u0111\u1ed1c qu\u1ea3n tr\u1ecb<\/strong><\/span><\/p>\n<p style=\"text-align: center;\">&#8220;Ph\u00e1t tri\u1ec3n ph\u1ea7n m\u1ec1m l\u00e0 m\u1ed9t trong nh\u1eefng m\u0169i nh\u1ecdn quan tr\u1ecdng c\u1ee7a PCG.&#8221;<\/p>\n<p><span><img loading=\"lazy\" decoding=\"async\" alt=\"\" width=\"205\" height=\"206\" title=\"s7b_image3\" data-id=\"6063\" src=\"\/\/software.pcg.vn\/wp-content\/uploads\/tcb_lp_templates\/templates\/css\/images\/s7b_image3.png\"><\/span><\/p>\n<p style=\"text-align: center;\"><strong>ANNA STONE<\/strong> &#8211; <strong>Gi\u00e1m\u0111\u1ed1c thi\u1ebft k\u1ebf<\/strong><\/p>\n<p style=\"text-align: center;\">&#8220;Thi\u1ebft k\u1ebf t\u1ed1i gi\u1ea3n v\u00e0 d\u1ec5 d\u00f9ng nh\u1ea5t cho ng\u01b0\u1eddi d\u00f9ng&#8221;<\/p>\n<p><span><img loading=\"lazy\" decoding=\"async\" alt=\"\" width=\"205\" height=\"206\" title=\"s7b_image2\" data-id=\"6064\" src=\"\/\/software.pcg.vn\/wp-content\/uploads\/tcb_lp_templates\/templates\/css\/images\/s7b_image2.png\" data-width=\"205\" data-height=\"206\" data-init-width=\"205\" data-init-height=\"206\"><\/span><\/p>\n<p style=\"text-align: center;\"><strong>MATT JONES<\/strong> &#8211; <span style=\"color: rgb(2, 160, 161);\"><strong>Gi\u00e1m \u0111\u1ed1c k\u1ef9 thu\u1eadt<\/strong><\/span><\/p>\n<p style=\"text-align: center;\">&#8220;M\u1ed7i d\u00f2ng code vi\u1ebft ra \u0111\u1ec1u l\u00e0 tinh hoa c\u1ee7a t\u1ed1i \u01b0u ngh\u1ec7 thu\u1eadt code.&#8221;<\/p>\n<p><span><img loading=\"lazy\" decoding=\"async\" alt=\"\" width=\"205\" height=\"206\" title=\"s7b_image1\" data-id=\"6062\" src=\"\/\/software.pcg.vn\/wp-content\/uploads\/tcb_lp_templates\/templates\/css\/images\/s7b_image1.png\" data-width=\"205\" data-height=\"206\" data-init-width=\"205\" data-init-height=\"206\"><\/span><\/p>\n<p style=\"text-align: center;\"><strong>JOHN DOE<\/strong> &#8211; <span style=\"color: rgb(2, 160, 161);\"><strong>Gi\u00e1m \u0111\u1ed1c kinh doanh<\/strong><\/span><\/p>\n<p style=\"text-align: center;\">&#8220;\u0110em \u0111\u1ebfn cho kh\u00e1ch h\u00e0ng nh\u1eefng s\u1ea3n ph\u1ea9m gi\u00e1 tr\u1ecb nh\u1ea5t v\u1edbi gi\u00e1 th\u00e0nh t\u1ed1t nh\u1ea5t&#8221;<\/p>\n<h1>h\u1ed7 tr\u1ee3 24\/7<\/h1>\n<p style=\"text-align: center;\">Phone number<\/p>\n<p style=\"text-align: center;\"><strong>08.8850.8860<\/strong><\/p>\n<p style=\"text-align: center;\">Email Address<\/p>\n<p style=\"text-align: center;\">kd@software.pcg.vn<\/p>\n<p style=\"text-align: center;\">Messenger<\/p>\n<p style=\"text-align: center;\"><strong>@PCG.SOFTWARE<\/strong><\/p>\n<h1>th\u00f4ng tin li\u00ean h\u1ec7<\/h1>\n<p style=\"text-align: left;\">C\u00f4ng Ty C\u1ed5 Ph\u1ea7n C\u00f4ng Ngh\u1ec7 L\u00e2m Anh &#8211; Th\u00e0nh vi\u00ean c\u1ee7a PCG group.<\/p>\n<p style=\"text-align: left;\">\n<p style=\"text-align: left;\">\u0110C: L\u1ea7u 2, t\u00f2a nh\u00e0 Etown &#8211; 364 \u0111\u01b0\u1eddng C\u1ed9ng H\u00f2a, P 13, Qu\u1eadn T\u00e2n B\u00ecnh, TP H\u1ed3 Ch\u00ed Minh.<\/p>\n<p style=\"text-align: left;\">SDT: 08.8850.8860<\/p>\n<p><span><img decoding=\"async\" alt=\"\" width=\"92\" height=\"61\" title=\"pcg-software-etown\" data-id=\"43\" src=\"https:\/\/software.pcg.vn\/wp-content\/uploads\/2021\/01\/pcg-software-etown.jpg\" data-width=\"92\" data-height=\"61\" data-init-width=\"700\" data-init-height=\"466\" loading=\"lazy\"><\/span><\/p>\n","protected":false},"excerpt":{"rendered":"<p>Hi! We Are PCG Software YOUR BUSSINESS &#8211; YOUR SUCCESS Hi! WE ARE SOFTWARE PCG Your Bussiness &#8211; Your Success S\u1ea2N PH\u1ea8M B\u00c1N ch\u1ea1y RIC ERP Ph\u1ea7n m\u1ec1m Qu\u1ea3n L\u00fd B\u00e1n H\u00e0ng Ric ERP l\u00e0 m\u1ed9t trong nh\u1eefng ph\u1ea7n m\u1ec1m t\u00e2m huy\u1ebft \u0111\u1ea7u ti\u00ean c\u1ee7a PCG. Ra \u0111\u1eddi t\u1eeb 2015 nh\u1eb1m m\u1ee5c \u0111\u00edch h\u1ed7 tr\u1ee3 [&hellip;]<\/p>\n","protected":false},"author":1,"featured_media":0,"parent":0,"menu_order":0,"comment_status":"closed","ping_status":"closed","template":"","meta":{"footnotes":""},"class_list":["post-12","page","type-page","status-publish","hentry"],"_links":{"self":[{"href":"https:\/\/software.pcg.vn\/index.php\/wp-json\/wp\/v2\/pages\/12","targetHints":{"allow":["GET"]}}],"collection":[{"href":"https:\/\/software.pcg.vn\/index.php\/wp-json\/wp\/v2\/pages"}],"about":[{"href":"https:\/\/software.pcg.vn\/index.php\/wp-json\/wp\/v2\/types\/page"}],"author":[{"embeddable":true,"href":"https:\/\/software.pcg.vn\/index.php\/wp-json\/wp\/v2\/users\/1"}],"replies":[{"embeddable":true,"href":"https:\/\/software.pcg.vn\/index.php\/wp-json\/wp\/v2\/comments?post=12"}],"version-history":[{"count":51,"href":"https:\/\/software.pcg.vn\/index.php\/wp-json\/wp\/v2\/pages\/12\/revisions"}],"predecessor-version":[{"id":68,"href":"https:\/\/software.pcg.vn\/index.php\/wp-json\/wp\/v2\/pages\/12\/revisions\/68"}],"wp:attachment":[{"href":"https:\/\/software.pcg.vn\/index.php\/wp-json\/wp\/v2\/media?parent=12"}],"curies":[{"name":"wp","href":"https:\/\/api.w.org\/{rel}","templated":true}]}}